{"id":846,"date":"2021-08-17T15:57:29","date_gmt":"2021-08-17T18:57:29","guid":{"rendered":"http:\/\/sominus.com.br\/apneia-dradenise\/?page_id=846"},"modified":"2021-08-17T18:20:49","modified_gmt":"2021-08-17T21:20:49","slug":"politica-de-cookies","status":"publish","type":"page","link":"https:\/\/sominus.com.br\/apneia-dradenise\/politica-de-cookies\/","title":{"rendered":"Pol\u00edtica de Cookies"},"content":{"rendered":"\t\t<div data-elementor-type=\"wp-page\" data-elementor-id=\"846\" class=\"elementor elementor-846\" data-elementor-settings=\"[]\">\n\t\t\t\t\t\t\t<div class=\"elementor-section-wrap\">\n\t\t\t\t\t\t\t<section class=\"elementor-section elementor-top-section elementor-element elementor-element-a706d58 elementor-section-boxed elementor-section-height-default elementor-section-height-default\" data-id=\"a706d58\" data-element_type=\"section\">\n\t\t\t\t\t\t<div class=\"elementor-container elementor-column-gap-default\">\n\t\t\t\t\t<div class=\"elementor-column elementor-col-100 elementor-top-column elementor-element elementor-element-a9130db\" data-id=\"a9130db\" data-element_type=\"column\">\n\t\t\t<div class=\"elementor-widget-wrap elementor-element-populated\">\n\t\t\t\t\t\t\t\t<div class=\"elementor-element elementor-element-37514e7 elementor-widget elementor-widget-text-editor\" data-id=\"37514e7\" data-element_type=\"widget\" data-widget_type=\"text-editor.default\">\n\t\t\t\t<div class=\"elementor-widget-container\">\n\t\t\t\t\t\t\t<h3>Pol\u00edtica de Cookies<\/h3><p>\u00a0<\/p><p>Se quiser saber mais sobre o uso de cookies do site Sominus: https:\/\/sominus.com.br, voc\u00ea est\u00e1 no lugar certo. Em seguida, vamos explicar o que s\u00e3o exatamente os cookies; quais os tipos de cookies utilizados e para que, e como voc\u00ea pode exercer o seu direito para configurar seu navegador e rejeitar o uso de qualquer uma delas.<\/p><p>Isso sim, deves saber que, se voc\u00ea decidir n\u00e3o usar alguns cookies, este site pode n\u00e3o funcionar perfeitamente, afetando a sua experi\u00eancia de usu\u00e1rio.<\/p><p>\u00a0<\/p><h4>O QUE \u00c9 UM COOKIE?<\/h4><p>\u00a0<\/p><p>Um cookie \u00e9 um arquivo de texto que \u00e9 baixado em seu computador ao acessar determinadas p\u00e1ginas da web ou blogs.<\/p><p>Os cookies permitem a essa p\u00e1gina, entre outras coisas, armazenar e recuperar informa\u00e7\u00e3o sobre os seus h\u00e1bitos de navega\u00e7\u00e3o ou de sua equipe, e de acordo com a informa\u00e7\u00e3o que contenha e do modo como voc\u00ea usa seu computador, podem ser utilizadas para lhe reconhecer.<\/p><p>O navegador do usu\u00e1rio memoriza cookies no disco r\u00edgido, apenas durante a sess\u00e3o atual, ocupando um espa\u00e7o de mem\u00f3ria m\u00ednima e n\u00e3o prejudicial ao computador. Os cookies n\u00e3o cont\u00eam nenhum tipo de informa\u00e7\u00e3o pessoal espec\u00edfica, e a maioria das mesmas s\u00e3o apagadas do disco r\u00edgido ao encerrar a sess\u00e3o do navegador (chamados cookies de sess\u00e3o).<\/p><p>A maioria dos navegadores aceita como padr\u00e3o os cookies e, com a independ\u00eancia das mesmas, permitem ou impedem as defini\u00e7\u00f5es de seguran\u00e7a cookies tempor\u00e1rios ou memorizadas.<\/p><p>Os cookies associam-se ao navegador, n\u00e3o a pessoa, por isso n\u00e3o costumam armazenar informa\u00e7\u00f5es sens\u00edveis sobre voc\u00ea como cart\u00f5es de cr\u00e9dito ou dados banc\u00e1rios, fotografias, informa\u00e7\u00f5es pessoais e etc&#8230;<\/p><p>Os dados que guardam s\u00e3o de car\u00e1ter t\u00e9cnico, estat\u00edsticos, prefer\u00eancias pessoais, personaliza\u00e7\u00e3o de conte\u00fado&#8230;<\/p><p>\u00a0<\/p><h4>ACEITA\u00c7\u00c3O DE COOKIES: REGULAMENTA\u00c7\u00c3O VIGENTE<\/h4><p>\u00a0<\/p><p>Ao acessar este site, e de acordo com a normativa vigente em mat\u00e9ria de prote\u00e7\u00e3o de dados, informamos o uso de cookies, dando-lhe a op\u00e7\u00e3o de aceitar expressamente e de ter acesso a mais informa\u00e7\u00f5es atrav\u00e9s desta Pol\u00edtica de Cookies.<\/p><p>Voc\u00ea deve saber que, no caso de continuar navegando, voc\u00ea est\u00e1 dando seu consentimento para a utiliza\u00e7\u00e3o de cookies. Mas, em qualquer momento, pode mudar de opini\u00e3o e bloquear a sua utiliza\u00e7\u00e3o atrav\u00e9s de seu navegador.<\/p><p>Para sua total tranquilidade, este site est\u00e1 em conformidade com o estipulado na legisla\u00e7\u00e3o em vigor em rela\u00e7\u00e3o com o uso de cookies e de seus dados pessoais:<\/p><ul><li><a href=\"https:\/\/www12.senado.leg.br\/noticias\/materias\/2018\/07\/10\/projeto-de-lei-geral-de-protecao-de-dados-pessoais-e-aprovado-no-senado\" target=\"_blank\" rel=\"nofollow noopener\">Lei geral de prote\u00e7\u00e3o de dados pessoais<\/a>\u00a0(projeto de lei aprovado recentemente, baseado na lei Europeia)<\/li><li><a href=\"http:\/\/www.planalto.gov.br\/ccivil_03\/_ato2011-2014\/2014\/lei\/l12965.htm\" target=\"_blank\" rel=\"nofollow noopener\">Lei Brasileira n.\u00ba 12.965, de 2014<\/a><\/li><li><a href=\"https:\/\/publications.europa.eu\/pt\/publication-detail\/-\/publication\/3e485e15-11bd-11e6-ba9a-01aa75ed71a1\" target=\"_blank\" rel=\"nofollow noopener\">RGPD (Regulamento (UE) 2016\/679 do Parlamento Europeu e do Conselho, de 27 de abril de 2016, relativo \u00e0 prote\u00e7\u00e3o das pessoas f\u00edsicas)<\/a>\u00a0que \u00e9 a nova legisla\u00e7\u00e3o da Uni\u00e3o Europeia que unifica a regulamenta\u00e7\u00e3o do tratamento dos dados pessoais nos diferentes pa\u00edses da UE.<\/li><\/ul><p>Esta Pol\u00edtica de Cookies pode ser alterada a qualquer momento para se adaptar \u00e0s novidades legislativas ou mudan\u00e7as em nossas atividades, sendo vigente a cada momento a pol\u00edtica que est\u00e1 publicada no site. Em caso de altera\u00e7\u00f5es avisaremos no site.<\/p><p>\u00a0<\/p><h4>TIPOS DE COOKIES<\/h4><p>\u00a0<\/p><p>Para oferecer uma melhor experi\u00eancia do usu\u00e1rio, para obter dados anal\u00edticos, armazenar e recuperar informa\u00e7\u00e3o acerca dos seus h\u00e1bitos de navega\u00e7\u00e3o ou de sua equipe e desenvolver a sua atividade, o site Sominus, utiliza cookies pr\u00f3prias e de terceiros.<\/p><p><strong>Quais os tipos de cookies s\u00e3o utilizados neste site?<\/strong><\/p><p>\u00a0<\/p><h4>\ud83c\udf6a Cookies t\u00e9cnicas<\/h4><p>S\u00e3o aquelas que permitem ao usu\u00e1rio a navega\u00e7\u00e3o atrav\u00e9s de uma p\u00e1gina web, plataforma ou aplica\u00e7\u00e3o e a utiliza\u00e7\u00e3o das diferentes op\u00e7\u00f5es ou servi\u00e7os que nela existam, como, por exemplo, controlar o tr\u00e2nsito e a comunica\u00e7\u00e3o de dados, identificar a sess\u00e3o, acessar partes de acesso restrito, recordar os elementos que integram um pedido, realizar o processo de compra de um pedido, realizar o pedido de inscri\u00e7\u00e3o ou participa\u00e7\u00e3o em um evento, usar itens de seguran\u00e7a durante a navega\u00e7\u00e3o, armazenar conte\u00fados para a difus\u00e3o de v\u00eddeos ou som ou compartilhar conte\u00fado atrav\u00e9s das redes sociais.<\/p><p>\u00a0<\/p><h4>\ud83c\udf6a Cookies de personaliza\u00e7\u00e3o<\/h4><p>S\u00e3o aquelas que permitem ao utilizador acessar ao servi\u00e7o, com algumas caracter\u00edsticas de car\u00e1ter geral predefinidas em fun\u00e7\u00e3o de uma s\u00e9rie de crit\u00e9rios, em que o terminal do usu\u00e1rio como, por exemplo, seria o idioma, o tipo de navegador atrav\u00e9s do qual acessa o servi\u00e7o, a localidade de onde acessa ao servi\u00e7o, etc.<\/p><p>\u00a0<\/p><h4>\ud83c\udf6a Cookies de an\u00e1lise<\/h4><p>S\u00e3o aquelas que bem tratadas por n\u00f3s ou por terceiros, nos permitem quantificar o n\u00famero de usu\u00e1rios, e assim, realizar a medi\u00e7\u00e3o e a an\u00e1lise estat\u00edstica da utiliza\u00e7\u00e3o que os usu\u00e1rios fazem do servi\u00e7o oferecido. Para isso ele analisa a sua navega\u00e7\u00e3o em nosso site, com o fim de melhorar a oferta de produtos ou servi\u00e7os que lhe oferecemos.<\/p><p>\u00a0<\/p><h4>\ud83c\udf6a Cookies de publicidade<\/h4><p>S\u00e3o aquelas que bem tratadas por n\u00f3s ou por terceiros, nos permitem gerir de forma mais eficaz poss\u00edvel a oferta de espa\u00e7os publicit\u00e1rios na p\u00e1gina web, adequando o conte\u00fado do an\u00fancio ao conte\u00fado do servi\u00e7o solicitado ou ao uso que se fa\u00e7a de nossa p\u00e1gina web.<\/p><p>Para isso podemos analisar seus h\u00e1bitos de navega\u00e7\u00e3o na Internet e podemos mostrar publicidade relacionada com o seu perfil de navega\u00e7\u00e3o.<\/p><p>\u00a0<\/p><h4>\ud83c\udf6a Cookies de publicidade comportamental<\/h4><p>S\u00e3o aquelas que permitem a gest\u00e3o, da forma mais eficiente poss\u00edvel, dos espa\u00e7os publicit\u00e1rios que no seu caso, o editor tenha inclu\u00eddo em uma p\u00e1gina da web, aplica\u00e7\u00e3o ou plataforma a partir da qual presta o servi\u00e7o solicitado.<\/p><p>Estes cookies armazenam informa\u00e7\u00e3o do comportamento dos usu\u00e1rios, obtidas atrav\u00e9s da observa\u00e7\u00e3o cont\u00ednua de seus h\u00e1bitos de navega\u00e7\u00e3o, o que permite desenvolver um perfil espec\u00edfico para exibir publicidade em fun\u00e7\u00e3o do mesmo.<\/p><p>\u00a0<\/p><h4>Cookies de terceiros<\/h4><p>\u00a0<\/p><p>Este site, Sominus: https:\/\/sominus.com.br, pode usar servi\u00e7os de terceiros que, por conta do Google, recolhem informa\u00e7\u00e3o para fins estat\u00edsticos, de uso do site por parte do usu\u00e1rio e para a presta\u00e7\u00e3o de outros servi\u00e7os relacionados com a atividade do website e outros servi\u00e7os de Internet.<\/p><p>Este blog, como a maioria de sites e blogs, inclui funcionalidades que s\u00e3o fornecidas por terceiros.<\/p><p>Tenha em conta que grande parte do meu trabalho consiste em testar as funcionalidades e recursos de terceiros (software de an\u00e1lise, plugins, ferramentas de SEO, etc.) para analis\u00e1-los e explicar-lhes em seguida as minhas descobertas e experi\u00eancias (tamb\u00e9m para proporcionar uma melhor experi\u00eancia de usu\u00e1rio), e isso pode ocasionalmente modificar a configura\u00e7\u00e3o de cookies e que n\u00e3o estejam detalhadas nesta pol\u00edtica.<\/p><p>\u00c9 importante que voc\u00ea saiba que s\u00e3o cookies tempor\u00e1rias que nem sempre s\u00e3o poss\u00edveis de informar e que tem apenas fins de estudo, avalia\u00e7\u00e3o e proporcionar novas funcionalidades.<\/p><p>Em nenhum caso ser\u00e3o utilizados cookies que comprometam a sua privacidade.<\/p><p>Entre as cookies de terceiros mais est\u00e1veis que poderiam instalar navegando pelo site Sominus s\u00e3o:<\/p><p>\u00a0<\/p><h4>\ud83c\udf6a Cookies De E-mail Marketing<\/h4><p>Utilizo para servi\u00e7o de e-mail marketing. utiliza cookies pr\u00f3prias e de terceiros para poder identificar as p\u00e1ginas visitadas, inscritos, e proporcionar com totalidade seus servi\u00e7os.<\/p><p>instala um fragmento de acompanhamento de JavaScript (&#8220;Snippet&#8221;) na minha web. Este trecho permite que se definam cookies, pixels e outras tecnologias para facilitar o uso de certas automa\u00e7\u00f5es, caracter\u00edsticas e funcionalidades oferecidas por como o envio de e-mails.<\/p><p>Para saber mais sobre a pol\u00edtica de cookies de visite a seguinte url:\u00a0.<\/p><p>\u00a0<\/p><h4>\ud83c\udf6a Cookies De Redes Sociais<\/h4><p>Cookies de redes sociais podem ser armazenadas no seu navegador enquanto voc\u00ea navega pelo blog, por exemplo, quando voc\u00ea usa o bot\u00e3o de compartilhar um artigo do Sominus em alguma rede social.<\/p><p>As empresas que geram esses cookies correspondentes as redes sociais que utiliza este blog tem suas pr\u00f3prias pol\u00edticas de cookies:<\/p><ul><li><strong>Cookie do Twitter<\/strong>, segundo o disposto em sua\u00a0<a href=\"https:\/\/twitter.com\/pt\/privacy\" target=\"_blank\" rel=\"nofollow noopener\">Pol\u00edtica de privacidade e de uso de cookies<\/a>.<\/li><li><strong>Cookie do Google+<\/strong>, de acordo com o disposto em sua\u00a0<a href=\"https:\/\/policies.google.com\/technologies\/cookies?hl=pt-BR\" target=\"_blank\" rel=\"nofollow noopener\">Pol\u00edtica de cookies<\/a>.<\/li><li><strong>Cookie de Pinterest<\/strong>, segundo o disposto em sua\u00a0<a href=\"https:\/\/policy.pinterest.com\/pt-br\/privacy-policy\" target=\"_blank\" rel=\"nofollow noopener\">Pol\u00edtica de privacidade e de utiliza\u00e7\u00e3o de cookies<\/a>.<\/li><li><strong>Cookie do LinkedIn<\/strong>, segundo o disposto em sua\u00a0<a href=\"https:\/\/www.linkedin.com\/legal\/cookie-policy?trk=hp-cookies\" target=\"_blank\" rel=\"nofollow noopener\">Pol\u00edtica de cookies<\/a>.<\/li><li><strong>Cookie de Facebook<\/strong>, de acordo com o disposto em sua\u00a0<a href=\"https:\/\/www.facebook.com\/policies\/cookies\/\" target=\"_blank\" rel=\"nofollow noopener\">Pol\u00edtica de cookies<\/a>.<\/li><li><strong>Cookie do YouTube<\/strong>, de acordo com o disposto em sua\u00a0<a href=\"https:\/\/policies.google.com\/technologies\/cookies?hl=pt-BR\" target=\"_blank\" rel=\"nofollow noopener\">Pol\u00edtica de cookies<\/a>.<\/li><li><strong>Cookie de Instagram<\/strong>, segundo o disposto em sua\u00a0<a href=\"https:\/\/help.instagram.com\/1896641480634370\" target=\"_blank\" rel=\"nofollow noopener\">Pol\u00edtica de cookies<\/a>.<\/li><\/ul><p>Assim, as implica\u00e7\u00f5es de privacidade ser\u00e3o em fun\u00e7\u00e3o de cada rede social e dependem da configura\u00e7\u00e3o de privacidade que tenha nessa rede.<\/p><p>Em nenhum caso, nem eu SOMINUS SERVICOS MEDICOS SS LTDA,\u00a0como o respons\u00e1vel por este site, Sominus, nem os anunciantes, podemos obter informa\u00e7\u00f5es de identifica\u00e7\u00e3o pessoal de cookies.<\/p><p>\u00a0<\/p><h4>\ud83c\udf6a Cookies De Google Analytics<\/h4><p>Em particular, este site utiliza o Google Analytics, um servi\u00e7o de an\u00e1lise web fornecido pela Google, Inc. com sede nos Estados Unidos, com sede em 1600 Amphitheatre Parkway, Mountain View, ca 94043.<\/p><p>Para a presta\u00e7\u00e3o destes servi\u00e7os, o Google utiliza cookies que coletam informa\u00e7\u00f5es, incluindo o\u00a0<strong>endere\u00e7o IP do usu\u00e1rio<\/strong>, que ser\u00e1 transmitida, tratada e armazenada pelo Google nos termos fixados na web Google.com. Isso inclui a poss\u00edvel transmiss\u00e3o de tais informa\u00e7\u00f5es a terceiros por motivos de exig\u00eancia legal ou quando estes terceiros processem a informa\u00e7\u00e3o por conta do Google.<\/p><p>Para consultar o tipo de cookie utilizado pelo Google, al\u00e9m do cookie do Google+ e Google Maps na url abaixo:<\/p><ul><li><a href=\"https:\/\/policies.google.com\/technologies\/types?hl=pt-br\" target=\"_blank\" rel=\"nofollow noopener\">https:\/\/policies.google.com\/technologies\/types?hl=pt-br<\/a><\/li><\/ul><h3>\u00a0<\/h3><h4>Outras Especifica\u00e7\u00f5es de cookies<\/h4><p>\u00a0<\/p><p><strong>\u00c1rea de membros<\/strong><\/p><p><strong>In\u00edcio de sess\u00e3o<\/strong>: esses cookies s\u00e3o para iniciar sess\u00e3o permitindo entrar e sair de sua conta em Sominus<\/p><p><strong>Personaliza\u00e7\u00e3o<\/strong>: estes cookies me ajudam a lembrar com que pessoas ou sites voc\u00ea interagiu, para que possa mostrar conte\u00fado relacionado.<\/p><p><strong>Prefer\u00eancias<\/strong>: estes cookies me permitem recordar as suas defini\u00e7\u00f5es e prefer\u00eancias, como o seu idioma preferido, e sua configura\u00e7\u00e3o de privacidade.<\/p><p><strong>Seguran\u00e7a<\/strong>: estes cookies s\u00e3o para evitar criar riscos de seguran\u00e7a. Principalmente para detectar quando algu\u00e9m est\u00e1 tentando invadir sua conta em Sominus.<\/p><p>\u00a0<\/p><h4>Poss\u00edveis Cookies de terceiros<\/h4><p>\u00a0<\/p><p>O\u00a0<strong>Google Tag Manager<\/strong>: o Google Tag Manager \u00e9 um sistema de gest\u00e3o de etiquetas que permite atualizar de forma r\u00e1pida e f\u00e1cil, as etiquetas e os fragmentos de c\u00f3digo do site ou aplicativo m\u00f3vel. Uma vez que o fragmento de Tag Manager foi adicionado ao site ou aplicativo m\u00f3vel, voc\u00ea pode configurar as etiquetas atrav\u00e9s de uma interface de usu\u00e1rio baseada na Web, sem ter que mudar e implementar o c\u00f3digo adicional. Deste modo, reduz-se o n\u00famero de erros e evita-se recorrer a um programador ou desenvolvedor para fazer mudan\u00e7as.<\/p><p>Para mais informa\u00e7\u00f5es\u00a0<a href=\"https:\/\/policies.google.com\/privacy?hl=pt-BR\" target=\"_blank\" rel=\"nofollow noopener\">clique aqui<\/a>.<\/p><p><strong>GA Audiences<\/strong>: recolhem o comportamento dos usu\u00e1rios no site e os agrupa em audi\u00eancias de remarketing com base nos crit\u00e9rios que definem. S\u00e3o utilizados principalmente em campanhas de remarketing do google Ads em redes de pesquisa e Display. Para mais informa\u00e7\u00f5es\u00a0<a href=\"https:\/\/policies.google.com\/privacy?hl=pt-BR\" target=\"_blank\" rel=\"nofollow noopener\">clique aqui<\/a><\/p><p>O\u00a0<strong>Google Ads Conversion<\/strong>: trata-se do pixel, que recolhe as convers\u00f5es do Google Ads. Para mais informa\u00e7\u00f5es\u00a0<a href=\"https:\/\/policies.google.com\/privacy?hl=pt-BR\" target=\"_blank\" rel=\"nofollow noopener\">clique aqui<\/a>.<\/p><p><strong>O Google Ads User List<\/strong>: idem que GA Audiencies, mas permite criar listas de remarketing do google Ads diretamente. Para mais informa\u00e7\u00f5es\u00a0<a href=\"https:\/\/policies.google.com\/privacy?hl=pt-BR\" target=\"_blank\" rel=\"nofollow noopener\">clique aqui<\/a>.<\/p><p><strong>Google Dynamic Remarketing<\/strong>: \u00e9 uma etiqueta que permite fazer remarketing para os visitantes de nosso site na rede de Display do Google com an\u00fancios que cont\u00eam produtos que j\u00e1 vimos. para mais informa\u00e7\u00f5es\u00a0<a href=\"https:\/\/policies.google.com\/privacy?hl=pt-BR\" target=\"_blank\" rel=\"nofollow noopener\">clique aqui<\/a>.<\/p><p><strong>Facebook Custom Audience<\/strong>: recolhem o comportamento dos usu\u00e1rios no site e os agrupa em audi\u00eancias de remarketing com base nos crit\u00e9rios que definem. Para mais informa\u00e7\u00f5es\u00a0<a href=\"https:\/\/www.facebook.com\/policies\/cookies\/\" target=\"_blank\" rel=\"nofollow noopener\">clique aqui<\/a>.<\/p><p><strong>Facebook Pixel<\/strong>: Facebook Pixel \u00e9 uma ferramenta de an\u00e1lise que nos ajuda a medir a efic\u00e1cia da nossa publicidade, elabora\u00e7\u00e3o de relat\u00f3rios das a\u00e7\u00f5es que as pessoas fazem quando visitam o site. Para mais informa\u00e7\u00f5es\u00a0<a href=\"https:\/\/www.facebook.com\/policies\/cookies\/\" target=\"_blank\" rel=\"nofollow noopener\">clique aqui<\/a>.<\/p><p><strong>Facebook Impression<\/strong>: permite rastrear as impress\u00f5es em campanhas CPM. Para mais informa\u00e7\u00f5es\u00a0<a href=\"https:\/\/www.facebook.com\/policies\/cookies\/\" target=\"_blank\" rel=\"nofollow noopener\">clique aqui<\/a>.<\/p><p><strong>Facebook Connect<\/strong>: permite navegar na Internet com a sua identidade de usu\u00e1rio. Assim, um usu\u00e1rio pode comentar e compartilhar conte\u00fado de outros sites e toda esta atividade aparecer\u00e1 no seu mural. No nosso site \u00e9 feito atrav\u00e9s do bot\u00e3o de Compartilhar no fichas de produto e outras p\u00e1ginas da web. Para mais informa\u00e7\u00f5es\u00a0<a href=\"https:\/\/www.facebook.com\/policies\/cookies\/\" target=\"_blank\" rel=\"nofollow noopener\">clique aqui<\/a>.<\/p><p>\u00a0<\/p><h4>GERIR E RECUSAR O USO DE COOKIES<\/h4><p>\u00a0<\/p><p>Em qualquer momento, voc\u00ea pode adaptar a configura\u00e7\u00e3o do navegador para gerenciar, rejeitar o uso de cookies e ser notificado antes que sejam baixados.<\/p><p>Voc\u00ea tamb\u00e9m pode adaptar a configura\u00e7\u00e3o do navegador para recusar todos os cookies, ou apenas os cookies de terceiros. E voc\u00ea tamb\u00e9m pode remover qualquer um dos cookies que j\u00e1 se encontram em seu computador.<\/p><p>Para isso, voc\u00ea deve ter em mente que voc\u00ea ter\u00e1 que adaptar separadamente a configura\u00e7\u00e3o de cada navegador e computador que voc\u00ea use uma vez que, como j\u00e1 comentado anteriormente, as cookies se associam ao navegador, n\u00e3o a pessoa.<\/p><ul><li><strong>Google Chrome<\/strong>\u00a0<a href=\"https:\/\/support.google.com\/chrome\/answer\/95647?hl=pt-BR\" target=\"_blank\" rel=\"nofollow noopener\">https:\/\/support.google.com\/chrome\/answer\/95647?hl=pt-BR<\/a><\/li><li><strong>Internet Explorer<\/strong>\u00a0<a href=\"https:\/\/support.microsoft.com\/pt-br\/help\/17442\/windows-internet-explorer-delete-manage-cookies#ie=ie-10\" target=\"_blank\" rel=\"nofollow noopener\">https:\/\/support.microsoft.com\/pt-br\/help\/17442\/windows-internet-explorer-delete-manage-cookies#ie=ie-10<\/a><\/li><li><strong>Mozilla Firefox<\/strong>\u00a0<a href=\"https:\/\/support.mozilla.org\/pt-BR\/kb\/ative-e-desative-os-cookies-que-os-sites-usam\" target=\"_blank\" rel=\"nofollow noopener\">https:\/\/support.mozilla.org\/pt-BR\/kb\/ative-e-desative-os-cookies-que-os-sites-usam<\/a><\/li><li><strong>Apple Safari<\/strong>\u00a0<a href=\"https:\/\/support.apple.com\/pt-br\/HT201265\" target=\"_blank\" rel=\"nofollow noopener\">https:\/\/support.apple.com\/pt-br\/HT201265<\/a><\/li><\/ul><h2>\u00a0<\/h2><h4>Mais informa\u00e7\u00f5es sobre cookies<\/h4><p>\u00a0<\/p><p>Pode consultar o regulamento sobre o uso das cookies e obter mais informa\u00e7\u00f5es:\u00a0<a href=\"http:\/\/www.aboutcookies.org\/\" target=\"_blank\" rel=\"nofollow noopener\">http:\/\/www.aboutcookies.org\/<\/a>.<\/p><p>E se voc\u00ea deseja ter um maior controle sobre a instala\u00e7\u00e3o de cookies, voc\u00ea pode instalar programas ou plug-ins no navegador, conhecidos como ferramentas de &#8220;Do Not Track&#8221;, que lhe permitem escolher os cookies que voc\u00ea deseja permitir.<\/p><p>Espero que esta pol\u00edtica de cookies tenha servido de ajuda, e se voc\u00ea tiver qualquer d\u00favida basta\u00a0<a href=\"mailto:contato@sominus.com.br?Subject=%20D%C3%BAvida%20Cookies%20Sominus\" target=\"_blank\" rel=\"nofollow noopener\">entrar em contato comigo<\/a>.<\/p><p>Se voc\u00ea tiver qualquer d\u00favida sobre esta\u00a0<strong>Pol\u00edtica de Cookies<\/strong>, voc\u00ea pode entrar em contato com\u00a0<strong>Sominus: https:\/\/sominus.com.br<\/strong>\u00a0enviando um e-mail para contato@sominus.com.br.<\/p>\t\t\t\t\t\t<\/div>\n\t\t\t\t<\/div>\n\t\t\t\t\t<\/div>\n\t\t<\/div>\n\t\t\t\t\t\t\t<\/div>\n\t\t<\/section>\n\t\t\t\t\t\t<\/div>\n\t\t\t\t\t<\/div>\n\t\t","protected":false},"excerpt":{"rendered":"<p>Pol\u00edtica de Cookies \u00a0 Se quiser saber mais sobre o uso de cookies do site Sominus: https:\/\/sominus.com.br, voc\u00ea est\u00e1 no lugar certo. Em seguida, vamos explicar o que s\u00e3o exatamente os cookies; quais os tipos de cookies utilizados e para que, e como voc\u00ea pode&#8230;<\/p>\n","protected":false},"author":1,"featured_media":0,"parent":0,"menu_order":0,"comment_status":"closed","ping_status":"closed","template":"","meta":{"_mi_skip_tracking":false,"footnotes":""},"class_list":["post-846","page","type-page","status-publish","hentry"],"_links":{"self":[{"href":"https:\/\/sominus.com.br\/apneia-dradenise\/wp-json\/wp\/v2\/pages\/846","targetHints":{"allow":["GET"]}}],"collection":[{"href":"https:\/\/sominus.com.br\/apneia-dradenise\/wp-json\/wp\/v2\/pages"}],"about":[{"href":"https:\/\/sominus.com.br\/apneia-dradenise\/wp-json\/wp\/v2\/types\/page"}],"author":[{"embeddable":true,"href":"https:\/\/sominus.com.br\/apneia-dradenise\/wp-json\/wp\/v2\/users\/1"}],"replies":[{"embeddable":true,"href":"https:\/\/sominus.com.br\/apneia-dradenise\/wp-json\/wp\/v2\/comments?post=846"}],"version-history":[{"count":17,"href":"https:\/\/sominus.com.br\/apneia-dradenise\/wp-json\/wp\/v2\/pages\/846\/revisions"}],"predecessor-version":[{"id":884,"href":"https:\/\/sominus.com.br\/apneia-dradenise\/wp-json\/wp\/v2\/pages\/846\/revisions\/884"}],"wp:attachment":[{"href":"https:\/\/sominus.com.br\/apneia-dradenise\/wp-json\/wp\/v2\/media?parent=846"}],"curies":[{"name":"wp","href":"https:\/\/api.w.org\/{rel}","templated":true}]}}